{"id":450,"date":"2016-03-15T17:59:15","date_gmt":"2016-03-15T17:59:15","guid":{"rendered":"http:\/\/www.afm.org\/?page_id=450"},"modified":"2023-06-16T18:06:14","modified_gmt":"2023-06-16T18:06:14","slug":"instruments-containing-ivory-or-endangered-species","status":"publish","type":"page","link":"https:\/\/www.afm.org\/fr\/what-we-are-doing\/travel-resources\/instruments-containing-ivory-or-endangered-species\/","title":{"rendered":"Instruments comportant de l\u2019ivoire ou tout autre mat\u00e9riau provenant d\u2019une esp\u00e8ce en voie d\u2019extinction"},"content":{"rendered":"<p><\/p>\n<p class=\"p1\"><span class=\"s1\">De nombreux musiciens poss\u00e8dent des instruments qui contiennent de l\u2019ivoire ou tout autre mat\u00e9riau provenant d\u2019une esp\u00e8ce en voie d\u2019extinction, ce qui peut compliquer les d\u00e9placements. Si votre instrument comporte de l\u2019ivoire, du bois de rose br\u00e9silien, de l\u2019\u00e9caille de tortue ou tout autre mat\u00e9riau provenant d&rsquo;une esp\u00e8ce en voie d&rsquo;extinction, vous aurez besoin de pr\u00e9senter la documentation n\u00e9cessaire avant de pouvoir voyager \u00e0 l\u2019\u00e9tranger. <a href=\"http:\/\/www.fws.gov\/international\/permits\/by-activity\/musical-instruments.html\">Visitez le site de l\u2019U.S. Fish and Wildlife Service pour de plus amples renseignements avant de vous d\u00e9placer.<\/a><\/span><\/p>\n<p class=\"p1\"><span class=\"s1\">Veuillez prendre note que la r\u00e9glementation f\u00e9d\u00e9rale am\u00e9ricaine peut avoir un impact sur la vente des instruments. Passez en revue les directives si vous envisagez d\u2019acheter ou de vendre un instrument qui pourrait comporter de l\u2019ivoire ou tout autre mat\u00e9riau provenant d\u2019une esp\u00e8ce en voie d\u2019extinction.<\/span><\/p>\n<p class=\"p1\"><span class=\"s1\"><b>Archet fait de Pernambouc. <\/b>Vous n\u2019avez pas besoin de documentation pour voyager avec un archet fait de bois de Pernambouc, pourvu que cet instrument ne comporte pas en plus de l&rsquo;ivoire ou tout autre mat\u00e9riau provenant d\u2019une esp\u00e8ce en voie d\u2019extinction. Cette lettre du Service am\u00e9ricain de l\u2019int\u00e9rieur indique que les archets faits de Pernambouc n\u2019ont pas besoin de documentation sp\u00e9cifique. Ajoutez un signet ou imprimez <a href=\"http:\/\/www.afm.org\/wp-content\/uploads\/2016\/06\/Pernambuco-Letter.pdf\">cette lettre<\/a> pour faciliter vos d\u00e9placements<\/span><span class=\"s3\">. <\/span><\/p>\n<p><\/p>","protected":false},"excerpt":{"rendered":"<p>De nombreux musiciens poss\u00e8dent des instruments qui contiennent de l\u2019ivoire ou tout autre mat\u00e9riau provenant d\u2019une esp\u00e8ce en voie d\u2019extinction, ce qui peut compliquer les d\u00e9placements. Si votre instrument comporte de l\u2019ivoire, du bois de rose br\u00e9silien, de l\u2019\u00e9caille de tortue ou tout autre mat\u00e9riau provenant d&rsquo;une esp\u00e8ce en voie d&rsquo;extinction, vous aurez besoin de [&hellip;]<\/p>\n","protected":false},"author":1,"featured_media":0,"parent":466,"menu_order":0,"comment_status":"closed","ping_status":"closed","template":"","meta":{"_acf_changed":false,"footnotes":""},"class_list":["post-450","page","type-page","status-publish","hentry"],"acf":[],"_links":{"self":[{"href":"https:\/\/www.afm.org\/fr\/wp-json\/wp\/v2\/pages\/450","targetHints":{"allow":["GET"]}}],"collection":[{"href":"https:\/\/www.afm.org\/fr\/wp-json\/wp\/v2\/pages"}],"about":[{"href":"https:\/\/www.afm.org\/fr\/wp-json\/wp\/v2\/types\/page"}],"author":[{"embeddable":true,"href":"https:\/\/www.afm.org\/fr\/wp-json\/wp\/v2\/users\/1"}],"replies":[{"embeddable":true,"href":"https:\/\/www.afm.org\/fr\/wp-json\/wp\/v2\/comments?post=450"}],"version-history":[{"count":6,"href":"https:\/\/www.afm.org\/fr\/wp-json\/wp\/v2\/pages\/450\/revisions"}],"predecessor-version":[{"id":6924,"href":"https:\/\/www.afm.org\/fr\/wp-json\/wp\/v2\/pages\/450\/revisions\/6924"}],"up":[{"embeddable":true,"href":"https:\/\/www.afm.org\/fr\/wp-json\/wp\/v2\/pages\/466"}],"wp:attachment":[{"href":"https:\/\/www.afm.org\/fr\/wp-json\/wp\/v2\/media?parent=450"}],"curies":[{"name":"wp","href":"https:\/\/api.w.org\/{rel}","templated":true}]}}