{"id":42,"date":"2016-02-17T22:06:42","date_gmt":"2016-02-17T22:06:42","guid":{"rendered":"http:\/\/www.afm.org\/?page_id=42"},"modified":"2016-05-17T20:23:26","modified_gmt":"2016-05-17T20:23:26","slug":"organizing-basics","status":"publish","type":"page","link":"https:\/\/www.afm.org\/fr\/organize-2\/organizing-basics\/","title":{"rendered":"Les \u00e9l\u00e9ments fondamentaux de la syndicalisation"},"content":{"rendered":"<p><\/p>\n<h2>Qu\u2019est-ce que le syndicat?<\/h2>\n<p>Un syndicat est un regroupement de personnes qui d\u00e9veloppent ensemble les moyens d&rsquo;apporter de vrais changements dans leur vie. Qu\u2019il s\u2019agisse de conversations en personne ou de campagnes, nous b\u00e2tissons une force qui nous permettra de surmonter les obstacles et oppositions.<\/p>\n<p>Dans un syndicat traditionnel, les employ\u00e9s s\u2019associent afin d\u2019am\u00e9liorer leurs conditions de travail et demandent \u00e0 leur employeur de reconna\u00eetre leur syndicat. Les musiciens, qui ne sont parfois pas l\u00e9galement consid\u00e9r\u00e9s comme des employ\u00e9s, ont quant \u00e0 eux d\u00fb trouver des fa\u00e7ons novatrices de se syndiquer. Fair Trade Music est un exemple parfait de musiciens utilisant des principes \u00e9l\u00e9mentaires de syndicalisation dans le but d\u2019am\u00e9liorer leur vie.<\/p>\n<p>Une fois la campagne initiale termin\u00e9e, il est temps de se mobiliser pour obtenir un bon premier contrat. Les contrats de syndicats sont des documents l\u00e9galement ex\u00e9cutoires qui sont g\u00e9n\u00e9ralement beaucoup plus puissants que les contrats individuels ou les ententes personnelles de services. La syndicalisation ne s\u2019arr\u00eate jamais. D\u00e9velopper notre syndicat dans notre environnement de travail et planifier des campagnes pour les accords \u00e9chus est une t\u00e2che continue.<\/p>\n<h2>Pourquoi se syndiquer<\/h2>\n<p>La possibilit\u00e9 pour les musiciens de gagner leur vie n\u2019a jamais \u00e9t\u00e9 aussi menac\u00e9e. L\u2019industrie de la musique continue \u00e0 r\u00e9colter d\u2019immenses profits tandis que les avanc\u00e9es technologiques transforment autant notre travail que la fa\u00e7on dont nous sommes r\u00e9mun\u00e9r\u00e9s.<\/p>\n<p>Nous faisons face \u00e0 une r\u00e9mun\u00e9ration inf\u00e9rieure \u00e0 la norme \u00e0 cause de l&rsquo;apparition de la musique en continu, de l\u2019externalisation et de la pression toujours croissante de jouer pour des pourboires, gratuitement ou m\u00eame \u00ab\u00a0de jouer pour jouer\u00a0\u00bb dans certains endroits. Les employeurs consolident leur pouvoir, et nous devrions faire de m\u00eame.<\/p>\n<p>L\u2019unit\u00e9 au sein des musiciens nous permettra d\u2019obtenir la puissance dont nous avons besoin pour atteindre nos objectifs.<\/p>\n<h2><a id=\"mystique\"><\/a>La syndicalisation n\u2019est pas mystique, elle est technique!<\/h2>\n<p>La strat\u00e9gie de syndicalisation de l\u2019AFM est bas\u00e9e sur le leadership direct des musiciens en partenariat avec les syndicats du travail et les organisations communautaires dans le but d\u2019accro\u00eetre la puissance qui leur est n\u00e9cessaire pour gagner. Bien que le droit du travail ait \u00e9t\u00e9 \u00e9tabli pour prot\u00e9ger notre droit de nous syndiquer, les employeurs ont d\u00e9couvert des fa\u00e7ons de saper ces lois et nos droits. Travailler avec des organisateurs d\u2019exp\u00e9rience form\u00e9s \u00e0 cet effet nous aidera \u00e0 r\u00e9ussir, parfois contre toute attente. L\u2019\u00e9l\u00e9ment le plus important pour une campagne fructueuse est cependant d\u2019avoir un groupe actif de musiciens d\u00e9sireux d\u2019\u00eatre solidaires.<\/p>\n<p>Avant d\u2019entamer une campagne, il est essentiel que vous nous contactiez pour mieux conna\u00eetre les \u00e9tapes initiales vers une strat\u00e9gie gagnante.<\/p>\n<p>&nbsp;<\/p>\n<h3 style=\"text-align: center;\">Les six \u00e9tapes d\u2019une campagne de syndicalisation<\/h3>\n<p><img loading=\"lazy\" decoding=\"async\" class=\"size-medium wp-image-104 aligncenter\" src=\"http:\/\/www.afm.org\/wp-content\/uploads\/2016\/02\/flowchart-14-640x222.png\" alt=\"flowchart-14\" width=\"640\" height=\"222\" srcset=\"https:\/\/www.afm.org\/wp-content\/uploads\/2016\/02\/flowchart-14-640x222.png 640w, https:\/\/www.afm.org\/wp-content\/uploads\/2016\/02\/flowchart-14-768x266.png 768w, https:\/\/www.afm.org\/wp-content\/uploads\/2016\/02\/flowchart-14-960x333.png 960w, https:\/\/www.afm.org\/wp-content\/uploads\/2016\/02\/flowchart-14-200x69.png 200w, https:\/\/www.afm.org\/wp-content\/uploads\/2016\/02\/flowchart-14.png 1906w\" sizes=\"auto, (max-width: 640px) 100vw, 640px\" \/><\/p>","protected":false},"excerpt":{"rendered":"<p>En s\u2019unissant, les musiciens peuvent gagner, et l\u2019ont d\u00e9j\u00e0 prouv\u00e9.<\/p>\n","protected":false},"author":1,"featured_media":0,"parent":38,"menu_order":1,"comment_status":"closed","ping_status":"closed","template":"","meta":{"_acf_changed":false,"footnotes":""},"class_list":["post-42","page","type-page","status-publish","hentry"],"acf":[],"_links":{"self":[{"href":"https:\/\/www.afm.org\/fr\/wp-json\/wp\/v2\/pages\/42","targetHints":{"allow":["GET"]}}],"collection":[{"href":"https:\/\/www.afm.org\/fr\/wp-json\/wp\/v2\/pages"}],"about":[{"href":"https:\/\/www.afm.org\/fr\/wp-json\/wp\/v2\/types\/page"}],"author":[{"embeddable":true,"href":"https:\/\/www.afm.org\/fr\/wp-json\/wp\/v2\/users\/1"}],"replies":[{"embeddable":true,"href":"https:\/\/www.afm.org\/fr\/wp-json\/wp\/v2\/comments?post=42"}],"version-history":[{"count":0,"href":"https:\/\/www.afm.org\/fr\/wp-json\/wp\/v2\/pages\/42\/revisions"}],"up":[{"embeddable":true,"href":"https:\/\/www.afm.org\/fr\/wp-json\/wp\/v2\/pages\/38"}],"wp:attachment":[{"href":"https:\/\/www.afm.org\/fr\/wp-json\/wp\/v2\/media?parent=42"}],"curies":[{"name":"wp","href":"https:\/\/api.w.org\/{rel}","templated":true}]}}