{"id":413,"date":"2016-03-15T17:25:44","date_gmt":"2016-03-15T17:25:44","guid":{"rendered":"http:\/\/www.afm.org\/?page_id=413"},"modified":"2026-03-20T10:46:31","modified_gmt":"2026-03-20T14:46:31","slug":"need-a-visa","status":"publish","type":"page","link":"https:\/\/www.afm.org\/fr\/what-we-are-doing\/travel-resources\/need-a-visa\/","title":{"rendered":"Besoin D\u2019un Visa Pour Les \u00c9tats-unis?"},"content":{"rendered":"<p><\/p>\n<h2 style=\"text-align: center;\"><span style=\"color: #008000;\">\u00c0 compter du 30 juillet 2025, nous n&rsquo;accepterons que le r\u00e9vis\u00e9 formulaire <\/span><strong style=\"color: #008000; font-family: inherit; font-size: inherit;\"><a id=\"OWAd76201d5-7335-983b-749b-20f253eacf6b\" style=\"color: #008000;\" title=\"https:\/\/www.uscis.gov\/sites\/default\/files\/document\/forms\/i-129-fr.pdf\" href=\"https:\/\/www.uscis.gov\/sites\/default\/files\/document\/forms\/i-129.pdf\" target=\"_blank\" rel=\"noopener noreferrer\" data-auth=\"NotApplicable\" data-linkindex=\"0\" data-loopstyle=\"linkonly\">I-129<\/a><\/strong><span style=\"color: #008000;\">, conform\u00e9ment \u00e0 l&rsquo;avis de l&rsquo;<\/span><span style=\"color: #008000;\"><strong><a id=\"OWAce0ad561-5166-dba4-0786-0d75bb2da28f\" style=\"color: #008000;\" title=\"https:\/\/www.uscis.gov\/i-129\" href=\"https:\/\/www.uscis.gov\/i-129\" target=\"_blank\" rel=\"noopener noreferrer\" data-auth=\"NotApplicable\" data-linkindex=\"1\" data-loopstyle=\"linkonly\">USCIS<\/a>.<\/strong><\/span><\/h2>\n<h3>Lettres de consultation pour les visas am\u00e9ricains<\/h3>\n<p><span style=\"font-weight: 400;\">L\u2019USCIS (U.S. Citizenship and Immigration Services) exige que les musiciens soumettent une lettre de consultation provenant de l\u2019AFM avec leur demande de visa am\u00e9ricain. Veuillez prendre note que les lettres de consultation ne seront \u00e9mises que suite \u00e0 une v\u00e9rification soigneuse de la preuve et des renseignements fournis \u00e0 l\u2019AFM au moment o\u00f9 votre demande est remplie et pr\u00eate \u00e0 \u00eatre exp\u00e9di\u00e9e \u00e0 l\u2019USCIS.<\/span><\/p>\n<h3>Foire aux questions<\/h3>\n<p><strong><a href=\"#which\">Quel type de visa dois-je demander?<\/a><\/strong><\/p>\n<p><strong><a href=\"#consultation\">Qu\u2019est-ce qu\u2019une lettre de consultation et pourquoi en ai-je besoin?<\/a><\/strong><\/p>\n<p><strong><a href=\"#does\">Est-ce que l\u2019AFM \u00e9met des lettres de consultation pour n\u2019importe quel artiste ou groupe?<\/a><\/strong><\/p>\n<p><strong><a href=\"#provide\">Quels sont les \u00e9l\u00e9ments que je dois fournir pour recevoir une lettre de consultation?<\/a><\/strong><\/p>\n<p><strong><a href=\"#fee\">Quels sont les frais \u00e0 d\u00e9bourser pour une lettre de consultation?<\/a><\/strong><\/p>\n<p><strong><a href=\"#where\">O\u00f9 dois-je envoyer mes documents?<\/a><\/strong><\/p>\n<p>&nbsp;<\/p>\n<p><em><b><a id=\"which\"><\/a>Quel type de visa dois-je demander?<\/b><\/em><\/p>\n<p><b>Les visas O-1B<\/b><span style=\"font-weight: 400;\"> sont destin\u00e9s aux <\/span><i><span style=\"font-weight: 400;\">artistes individuels de renomm\u00e9e internationale<\/span><\/i><span style=\"font-weight: 400;\">&#8211; c\u2019est-\u00e0-dire \u00e0 ceux qui sont bien connus en dehors de leur pays d\u2019origine. <\/span><\/p>\n<p><b>Les visas P-1B<\/b><span style=\"font-weight: 400;\"> sont destin\u00e9s aux <\/span><i><span style=\"font-weight: 400;\">groupes de renomm\u00e9e internationale<\/span><\/i><span style=\"font-weight: 400;\">&#8211; c\u2019est-\u00e0-dire \u00e0 ceux qui sont bien connus en dehors de leur pays d\u2019origine. <\/span><\/p>\n<p><b>Les visas P-2<\/b><span style=\"font-weight: 400;\"> sont destin\u00e9s aux <\/span><i><span style=\"font-weight: 400;\">artistes ou musiciens canadiens<\/span><\/i><span style=\"font-weight: 400;\"> qui entrent aux \u00c9tats-Unis. Si vous avez besoin d\u2019aide \u00e0 propos des visas P-2, n\u2019h\u00e9sitez pas \u00e0 communiquer avec notre bureau canadien au num\u00e9ro <a href=\"tel:\/\/416.391.5161\">416.391.5161<\/a><\/span><span style=\"font-weight: 400;\"> ou <a href=\"http:\/\/www.cfmusicians.org\/services\/work-permits\">ici<\/a>.<\/span><b>\u00a0<\/b><\/p>\n<p><b>Les visas P-3<\/b><span style=\"font-weight: 400;\"> sont destin\u00e9s aux groupes <\/span><i><span style=\"font-weight: 400;\">culturellement uniques<\/span><\/i><span style=\"font-weight: 400;\">&#8211; par exemple, les musiciens qui jouent de la musique folklorique de leur pays natal.<\/span><\/p>\n<p>&nbsp;<\/p>\n<p><em><b><a id=\"consultation\"><\/a>Qu\u2019est-ce qu\u2019une lettre de consultation et pourquoi en ai-je besoin?<\/b><\/em><\/p>\n<p><span style=\"font-weight: 400;\">L\u2019USCIS exige des musiciens qu\u2019ils incluent la lettre d\u2019un groupe d\u2019homologues ou d\u2019un syndicat appropri\u00e9 (dans ce cas-ci l\u2019AFM) \u00e9tablissant que l\u2019artiste ou le groupe qui voyage aux \u00c9tats-Unis satisfait au crit\u00e8re <\/span><i><span style=\"font-weight: 400;\">de renomm\u00e9e internationale<\/span><\/i><span style=\"font-weight: 400;\"> ou <\/span><i><span style=\"font-weight: 400;\">d\u2019unicit\u00e9 culturelle<\/span><\/i><span style=\"font-weight: 400;\">.<\/span><\/p>\n<p>&nbsp;<\/p>\n<p><em><b><a id=\"does\"><\/a>Est-ce que l\u2019AFM \u00e9met des lettres de consultation pour n\u2019importe quel artiste ou groupe?<\/b><\/em><\/p>\n<p><span style=\"font-weight: 400;\">Non. L\u2019AFM n\u2019\u00e9met des lettres de consultation que pour les artistes et les groupes dans lesquels les instrumentistes forment au moins 50 % du personnel.\u00a0<\/span><\/p>\n<p>&nbsp;<\/p>\n<p><em><b><a id=\"provide\"><\/a>Quels \u00e9l\u00e9ments dois-je fournir pour recevoir une lettre de consultation<\/b><b>?<\/b><\/em><\/p>\n<p><span style=\"font-weight: 400;\">Nous <\/span><b>devons recevoir tous les renseignements qui suivent<\/b><span style=\"font-weight: 400;\"> pour \u00e9mettre une lettre de consultation\u00a0:<\/span><\/p>\n<ul>\n<li style=\"font-weight: 400;\"><span style=\"font-weight: 400;\"><a href=\"http:\/\/www.afm.org\/wp-content\/uploads\/2016\/04\/Visa-Form-Final.pdf\">Le questionnaire AFM rempli.<\/a><br \/>\n<\/span><\/li>\n<li style=\"font-weight: 400;\"><span style=\"font-weight: 400;\">Une lettre d\u2019accompagnement expliquant qui sont les musiciens, d\u2019o\u00f9 ils viennent et ce qui permet de faire d\u2019eux un groupe de renomm\u00e9e internationale ou culturellement unique.<\/span><\/li>\n<\/ul>\n<ul>\n<li style=\"font-weight: 400;\"><span style=\"font-weight: 400;\">Pour les visas P-1B et P-3, veuillez inclure une liste de tous les musiciens et des instruments qu\u2019ils jouent. <\/span><\/li>\n<li style=\"font-weight: 400;\"><span style=\"font-weight: 400;\">Pour les visas P-1B, veuillez \u00e9galement inclure l\u2019anciennet\u00e9 de chaque membre au sein du groupe P-1.<\/span><\/li>\n<\/ul>\n<ul>\n<li style=\"font-weight: 400;\"><span style=\"font-weight: 400;\">Copie du formulaire I-129 USCIS rempli. (Revised: <a href=\"https:\/\/www.uscis.gov\/sites\/default\/files\/document\/forms\/i-129.pdf\" target=\"_blank\" rel=\"noopener\">Form I-129, Edition, 20\/07\/2025<\/a>)\u00a0<\/span><\/li>\n<\/ul>\n<ul>\n<li style=\"font-weight: 400;\"><span style=\"font-weight: 400;\">Copie de tout contrat \u00e9crit entre l\u2019auteur de la demande et le b\u00e9n\u00e9ficiaire \u00e9tranger, incluant les salaires gagn\u00e9s ou, si aucun contrat \u00e9crit n\u2019existe, un r\u00e9sum\u00e9 des termes de l\u2019entente orale selon laquelle le ou les \u00e9trangers seront employ\u00e9s.<\/span><\/li>\n<li style=\"font-weight: 400;\"><span style=\"font-weight: 400;\">Copie de l\u2019itin\u00e9raire couvrant la p\u00e9riode d\u2019emploi appropri\u00e9e.<\/span><\/li>\n<li style=\"font-weight: 400;\"><span style=\"font-weight: 400;\">Documentation de soutien, par exemple articles, couvertures de CD, programmes, etc. \u00e9tablissant le groupe ou l\u2019artiste instrumental. La documentation de soutien doit comporter des renseignements sur les instrumentistes. Des renseignements sur les chanteurs, les acteurs et les danseurs seulement ne suffisent pas. Veuillez ne pas soumettre plus de 25 pages de documentation de soutien. <strong><em>Veuillez ne pas soumettre plus de 25 pages de documents d\u2019appui.<\/em><\/strong><\/span><\/li>\n<\/ul>\n<p>&nbsp;<\/p>\n<p><em><b><a id=\"fee\"><\/a>Quels sont les frais \u00e0 d\u00e9bourser pour une lettre de consultation?<\/b><\/em><\/p>\n<p>Les frais de traitement administratif pour chaque lettre de consultation sont de :<\/p>\n<ul>\n<li style=\"font-weight: 400;\"><strong>300 $<\/strong> pour le d\u00e9lai de traitement normal (5 \u00e0 10 jours ouvrables)<\/li>\n<\/ul>\n<p style=\"padding-left: 40px;\">ou<\/p>\n<ul>\n<li><strong>400 $<\/strong> pour un service acc\u00e9l\u00e9r\u00e9 (2 jours ouvrables)<\/li>\n<\/ul>\n<p style=\"padding-left: 40px;\">ou<\/p>\n<ul>\n<li><strong>550 $<\/strong> pour un service ultra-acc\u00e9l\u00e9r\u00e9 &#8212; Si l&rsquo;AFM re\u00e7oit une demande de lettre de consultation avant 13 h 00. Heure de l&rsquo;Est un jour ouvrable, une lettre de consultation sera pr\u00eate avant 17 h. le m\u00eame jour. <span style=\"color: #ff0000;\"><strong>Veuillez utiliser UPS Next Day Air<\/strong><\/span>. (Attention : FedEx n&rsquo;est pas fiable pour les livraisons anticip\u00e9es). Si l&rsquo;AFM re\u00e7oit une demande de lettre de consultation apr\u00e8s 13h00, veuillez contacter UPS Next Day Air. Heure de l&rsquo;Est un jour ouvrable, une lettre de consultation sera pr\u00eate avant 13 h. le jour ouvrable suivant.<\/li>\n<\/ul>\n<p>Veuillez prendre note que vous pouvez ne payer qu\u2019une seule fois les frais pour une lettre de consultation O1\/O2 combin\u00e9e si vous soumettez la documentation dans une seule demande.<\/p>\n<p><span style=\"font-weight: 400;\">Nous <\/span><b>ne pouvons pas <\/b><span style=\"font-weight: 400;\">accepter les ch\u00e8ques personnels ou les cartes de cr\u00e9dit pour r\u00e9gler ces frais. Les ch\u00e8ques d\u2019entreprise, les ch\u00e8ques bancaires ou les mandats bancaires doivent \u00eatre \u00e9mis \u00e0 l\u2019ordre de <\/span><b>AFM Immigration Processing<\/b><span style=\"font-weight: 400;\">.<\/span><\/p>\n<p><b>Pour les visas P-2, <\/b><span style=\"font-weight: 400;\">veuillez contacter notre bureau canadien au <a href=\"tel:416-391-5161\">416-391-5161<\/a>\u00a0<\/span><span style=\"font-weight: 400;\">ou <a href=\"http:\/\/www.cfmusicians.org\/services\/work-permits\">ici<\/a><\/span><b> <\/b><span style=\"font-weight: 400;\">pour conna\u00eetre les frais en vigueur.<\/span><\/p>\n<p>&nbsp;<\/p>\n<p><em><b><a id=\"where\"><\/a>O\u00f9 dois-je envoyer mes documents?<\/b><\/em><\/p>\n<p><span style=\"font-weight: 400;\">Veuillez transmettre tous vos documents \u00e0 l\u2019adresse suivante\u00a0:<\/span><\/p>\n<p><span style=\"font-weight: 400;\">AFM Immigration Department<br \/>\n<\/span><span style=\"font-weight: 400;\">1501 Broadway, 9th floor<\/span><span style=\"font-weight: 400;\"><br \/>\n<\/span><span style=\"font-weight: 400;\">New York, NY 10036<br \/>\n<\/span><span style=\"font-weight: 400;\">\u00a0 \u00a0 \u00a0 \u00a0 \u00a0 \u00a0 \u00a0 \u00a0 \u00a0 \u00a0 \u00a0 \u00a0 \u00a0 \u00a0 \u00a0 \u00a0 USA<\/span><\/p>\n<p>or e-mail to: <u><a href=\"mailto:afmvisa@afm.org\">afmvisa@afm.org<\/a><\/u><\/p>\n<h3>Conseils utiles<\/h3>\n<ul>\n<li style=\"font-weight: 400;\">Envoyez par courrier \u00e9lectronique une demande d\u00fbment remplie et toutes les pi\u00e8ces justificatives requises \u00e0\u00a0: <a href=\"mailto:afmvisa@afm.org\">afmvisa@afm.org<\/a>.\n<ul>\n<li style=\"font-weight: 400;\">Envoyez tous les documents au format PDF. Merci de ne pas envoyer de liens.<\/li>\n<li style=\"font-weight: 400;\">Veuillez ne pas envoyer plus de 15 pages de documents de presse, etc. (ces 15 pages n&rsquo;incluent pas les contrats, les itin\u00e9raires et l&rsquo;I-129).<\/li>\n<\/ul>\n<\/li>\n<\/ul>\n<p style=\"padding-left: 40px;\"><strong>La taille maximale autoris\u00e9e par le serveur pour l&rsquo;ensemble de l&rsquo;application de messagerie est de 15 Mo.<\/strong><\/p>\n<p>&nbsp;<\/p>\n<p>Les frais pour les p\u00e9titions envoy\u00e9es par courrier \u00e9lectronique doivent \u00eatre pay\u00e9s par ch\u00e8ques d&rsquo;entreprise ou mandats-poste libell\u00e9s \u00e0 l&rsquo;ordre de l&rsquo;AFM Immigration Processing et envoy\u00e9s au si\u00e8ge de l&rsquo;AFM. Le compte \u00e0 rebours de notre examen d\u00e9butera une fois la p\u00e9tition et le ch\u00e8que re\u00e7us.<\/p>","protected":false},"excerpt":{"rendered":"<p>\u00c0 compter du 30 juillet 2025, nous n&rsquo;accepterons que le r\u00e9vis\u00e9 formulaire I-129, conform\u00e9ment \u00e0 l&rsquo;avis de l&rsquo;USCIS. Lettres de consultation pour les visas am\u00e9ricains L\u2019USCIS (U.S. Citizenship and Immigration Services) exige que les musiciens soumettent une lettre de consultation provenant de l\u2019AFM avec leur demande de visa am\u00e9ricain. Veuillez prendre note que les lettres [&hellip;]<\/p>\n","protected":false},"author":1,"featured_media":0,"parent":466,"menu_order":0,"comment_status":"closed","ping_status":"closed","template":"","meta":{"_acf_changed":false,"footnotes":""},"class_list":["post-413","page","type-page","status-publish","hentry"],"acf":[],"_links":{"self":[{"href":"https:\/\/www.afm.org\/fr\/wp-json\/wp\/v2\/pages\/413","targetHints":{"allow":["GET"]}}],"collection":[{"href":"https:\/\/www.afm.org\/fr\/wp-json\/wp\/v2\/pages"}],"about":[{"href":"https:\/\/www.afm.org\/fr\/wp-json\/wp\/v2\/types\/page"}],"author":[{"embeddable":true,"href":"https:\/\/www.afm.org\/fr\/wp-json\/wp\/v2\/users\/1"}],"replies":[{"embeddable":true,"href":"https:\/\/www.afm.org\/fr\/wp-json\/wp\/v2\/comments?post=413"}],"version-history":[{"count":25,"href":"https:\/\/www.afm.org\/fr\/wp-json\/wp\/v2\/pages\/413\/revisions"}],"predecessor-version":[{"id":8347,"href":"https:\/\/www.afm.org\/fr\/wp-json\/wp\/v2\/pages\/413\/revisions\/8347"}],"up":[{"embeddable":true,"href":"https:\/\/www.afm.org\/fr\/wp-json\/wp\/v2\/pages\/466"}],"wp:attachment":[{"href":"https:\/\/www.afm.org\/fr\/wp-json\/wp\/v2\/media?parent=413"}],"curies":[{"name":"wp","href":"https:\/\/api.w.org\/{rel}","templated":true}]}}