{"id":20,"date":"2016-02-17T17:16:19","date_gmt":"2016-02-17T17:16:19","guid":{"rendered":"http:\/\/www.afm.org\/?page_id=20"},"modified":"2016-05-11T22:30:48","modified_gmt":"2016-05-11T22:30:48","slug":"contact-us","status":"publish","type":"page","link":"https:\/\/www.afm.org\/fr\/organize-2\/contact-us\/","title":{"rendered":"Contactez-nous pour vous syndiquer"},"content":{"rendered":"<p>Veuillez r\u00e9pondre aux questions suivantes pour obtenir de plus amples informations sur la syndicalisation et la fa\u00e7on dont le syndicat prot\u00e8ge les droits des musiciens.<\/p>","protected":false},"excerpt":{"rendered":"<p>Obtenez de plus amples informations sur la syndicalisation et la fa\u00e7on dont le syndicat prot\u00e8ge les droits des musiciens.<\/p>\n","protected":false},"author":1,"featured_media":0,"parent":38,"menu_order":5,"comment_status":"closed","ping_status":"closed","template":"","meta":{"_acf_changed":false,"footnotes":""},"class_list":["post-20","page","type-page","status-publish","hentry"],"acf":[],"_links":{"self":[{"href":"https:\/\/www.afm.org\/fr\/wp-json\/wp\/v2\/pages\/20","targetHints":{"allow":["GET"]}}],"collection":[{"href":"https:\/\/www.afm.org\/fr\/wp-json\/wp\/v2\/pages"}],"about":[{"href":"https:\/\/www.afm.org\/fr\/wp-json\/wp\/v2\/types\/page"}],"author":[{"embeddable":true,"href":"https:\/\/www.afm.org\/fr\/wp-json\/wp\/v2\/users\/1"}],"replies":[{"embeddable":true,"href":"https:\/\/www.afm.org\/fr\/wp-json\/wp\/v2\/comments?post=20"}],"version-history":[{"count":0,"href":"https:\/\/www.afm.org\/fr\/wp-json\/wp\/v2\/pages\/20\/revisions"}],"up":[{"embeddable":true,"href":"https:\/\/www.afm.org\/fr\/wp-json\/wp\/v2\/pages\/38"}],"wp:attachment":[{"href":"https:\/\/www.afm.org\/fr\/wp-json\/wp\/v2\/media?parent=20"}],"curies":[{"name":"wp","href":"https:\/\/api.w.org\/{rel}","templated":true}]}}