{"id":188,"date":"2016-03-10T21:44:06","date_gmt":"2016-03-10T21:44:06","guid":{"rendered":"http:\/\/www.afm.org\/?page_id=188"},"modified":"2026-04-02T12:53:28","modified_gmt":"2026-04-02T16:53:28","slug":"international-unfair-list","status":"publish","type":"page","link":"https:\/\/www.afm.org\/fr\/for-members\/international-unfair-list\/","title":{"rendered":"Liste noire internationale"},"content":{"rendered":"<p>Pour faire de la liste noire internationale de l\u2019AFM un outil efficace qui soutiendra les musiciens dans le cadre des principaux litiges de main-d\u2019\u0153uvre, notre conseil international d\u2019administration a pass\u00e9 en revue les politiques et proc\u00e9dures de mise en place et de maintien des employeurs sur la liste noire internationale. La liste noire internationale de l\u2019AFM sera donc publi\u00e9e ici, ainsi que dans l\u2019International Musician. De cette fa\u00e7on, les musiciens pourront consulter tous les employeurs qui font partie de la liste noire internationale.<\/p>\n<h3>Responsabilit\u00e9s des membres<\/h3>\n<p>Selon l\u2019Article 8, Section 3 des r\u00e8glements de l\u2019AFM, \u00ab\u00a0 les membres ne devront rendre aucun service musical aux organismes, \u00e9tablissements ou individus dont les noms ont \u00e9t\u00e9 plac\u00e9s sur la liste noire internationale. Tout membre qui viole cette section sera sujet \u00e0 des sanctions, conform\u00e9ment \u00e0 l\u2019Article 11, Section 13 [des r\u00e8glements de l\u2019AFM].\u00a0\u00bb<\/p>\n<h3>Inscriptions<\/h3>\n<p>Un conflit de travail doit d\u00e9j\u00e0 exister entre le syndicat et l\u2019employeur au moment de l\u2019inscription sur la liste noire internationale. Ces conflits peuvent inclure, sans s\u2019y limiter\u00a0:<\/p>\n<ul>\n<li>Une gr\u00e8ve l\u00e9gale en soutien aux revendications de n\u00e9gociation du syndicat et\/ou une demande de reconnaissance du syndicat; ou<\/li>\n<li>Un lock-out initi\u00e9 par l\u2019employeur des musiciens repr\u00e9sent\u00e9s par l\u2019AFM ou l\u2019une de ses sections syndicales; ou<\/li>\n<li>Le syndicat proteste contre les pratiques de travail in\u00e9quitables d\u2019un employeur.<\/li>\n<\/ul>\n<p>Un employeur qui est ouvertement antisyndical, mais qui ne fait pas l&rsquo;objet d\u2019une activit\u00e9 concert\u00e9e par le syndicat ne sera pas inscrit sur la liste noire internationale.<\/p>\n<p>Un employeur inscrit sur la liste noire internationale n\u2019y demeurera que pour la dur\u00e9e du conflit de travail principal et tant que la section syndicale fournit une preuve \u00e9crite d\u2019une activit\u00e9 concert\u00e9e continue contre l\u2019employeur.<\/p>\n<p>Nous publierons les noms des employeurs qui sont retir\u00e9s de la liste noire internationale au moment de leur retrait.<\/p>\n<h3>Canada<\/h3>\n<p>MANITOBA: The Western Canadian Music Alliance; 1-118 Sherbrook Street; Winnipeg, MB R3C 284 90630 \u2014 Inscrit par la F\u00e9d\u00e9ration<\/p>\n<h3>\u00c9tats-Unis<\/h3>\n<p>CALIFORNIE\u00a0: Cinema Scoring, Attn: SESAC Los Angeles, 2150 Colorado Avenue, Suite 150, Santa Monica, CA 90404\u2014 Inscrit \u00e0 la demande de la Section syndicale 47 (Los Angeles, CA)<\/p>\n<p>Collective Media Guild, 3553 Atlantic Avenue, Suite B Long Beach, CA 90807-5607\u2014 Inscrit \u00e0 la demande de la Section syndicale 47 (Los Angeles, CA)<\/p>\n<p>Cypress Pops Orchestra: Box 434; Cypress, CA 90630 \u2014 Inscrit \u00e0 la demande de la Section syndicale 7 (Orange County, CA)<\/p>\n<p>Electronic Arts; 209 Redwood Shores Parkway , Redwood City, CA\u00a0\u00a0 94065 \u2014Inscrit \u00e0 la demande de la section syndicale 257\u00a0(Nashville, TN)<\/p>\n<p>Kaleidoscope Chamber Orchestra of Los Angeles P.O. Box 251801 Los Angeles, CA 90025\u2014 Inscrit \u00e0 la demande de la Section syndicale 47 (Los Angeles, CA)<\/p>\n<p>COLORADO: 480 Holdings Limited LLC, 611 N. Weber Street; Ste. 104, Colorado Springs, CO 80903\u2014 Inscrit \u00e0 la demande de la section syndicale 257\u00a0(Nashville, TN)<\/p>\n<p>Patrick Scanlon, 581 Vista Grande Drive, Colorado Springs, CO 80906\u2014 Inscrit \u00e0 la demande de la section syndicale 257\u00a0(Nashville, TN)<\/p>\n<p>MASSACHUSETTS\u00a0: Video Game Orchestra; P.O. Box 230247; Boston, MA 02123 \u2014\u00a0Inscrit par la F\u00e9d\u00e9ration<\/p>\n<p>Shota Nakama; P.O. Box 230247; Boston, MA 02123 \u2014 Inscrit par la F\u00e9d\u00e9ration<\/p>\n<p>MICHIGAN: Steve Trudell, dba Steve Trudell Entertainment, LLC; Steve Trudell Music, LLC; Trudell &amp; Associates, LLC.; Trudell Orchestras; and Your Generation in Concert, LLC, 328 Four Seasons Drive; Lake Orion, Ml 48360\u2014<span class=\"s1\">Inscrit aux demandes des sections syndicales <\/span>1 (Cincinnati, OH), 2-197 (St. Louis, MO), 3 (Indianapolis, IN), 4 (Cleveland, OH), 9-535 (Boston, MA), 10-208 (Chicago, IL), 20-623 (Denver, CO), 34-627 Kansas City, MO), 40-543 (Baltimore, MD), 47 (Los Angeles, CA), 60-471 (Pittsburgh, PA), 65-699 (Houston, TX), 66 (Rochester, NY), 72-147 (Dallas-Fort Worth, TX), 77 (Philadelphia, PA), 92 (Buffalo, NY), 126 (Lynn MA), 148-462 (Atlanta, GA), 161-710 (Washington D.C.), 174-496 (New Orleans, LA), 285-403 (New London, CT), 400 (Hartford, CT), 444 (Jacksonville, FL), 506 (Saratoga Springs, NY), 586 (Phoenix, AZ)), 655 (Miami, FL), et 802 (New York, NY)<\/p>\n<p>NOUVEAU MEXIQUE: 480 Holdings Limited LLC, 30 Sandia Mountain Ranch Road, Tijeras, NM 87059\u2014 Inscrit \u00e0 la demande de la section syndicale 257 (Nashville, TN)<\/p>\n<p>Bob Bishop, 30 Sandia Mountain Ranch Road, Tijeras, NM 87059\u2014 Inscrit \u00e0 la demande de la section syndicale 257\u00a0(Nashville, TN)<\/p>\n<p>NEW YORK: Carousel Studio,\u00a061 Greenpoint Avenue Brooklyn, NY 11222<span class=\"s1\">\u2014Inscrit \u00e0 la demande de la section syndicale 802 (New York, NY)<\/span><\/p>\n<p>NYU Steinhardt School of Culture, Education, and Human Development; 82 Washington Square East, 4th Floor; New York, NY 10003 \u2014 Inscrit \u00e0 la demande de la section syndicale 802 (New York, NY)<\/p>\n<p>PENNSYLVANIA: Karen Banos; Rittenhouse Music; 214 Richmond Street; Philadelphia, PA 19125\u2014Inscrit \u00e0 la demande de la section syndicale\u00a09-535 (Boston, MA)<\/p>\n<p>RHODE ISLAND: Newport Contemporary Arts, Inc., Newport Contemporary Music Series, 67 Lawton Avenue Tiverton, RI 02878\u2014Inscrit \u00e0 la demande de la section syndicale 198-457 (Providence, RI)<\/p>\n<p>TENNESSEE:Nashville Music Scoring; 920 Stuart Lane; Brentwood, TN 37027\u2014Inscrit \u00e0 la demande de la section syndicale 47 (Los Angeles, CA)<\/p>\n<p>Richard Waters, P.O. Box 1444, Antioch, TN 37201\u2014 Inscrit \u00e0 la demande de la section syndicale 257\u00a0(Nashville, TN)<\/p>\n<p>TEXAS\u00a0: Dallas Bach Society; P.O. Box 140201; Dallas, TX 75214 \u2014 Inscrit \u00e0 la demande de la section syndicale 72-147 (Dallas-Fort Worth, TX)<\/p>\n<p>The Dallas Pops Orchestra; P.O. Box 1811; Allen, TX 75013 \u2014 Inscrit \u00e0 la demande de la section syndicale 72-147 (Dallas-Fort Worth, TX)<\/p>\n<p>De plus, l\u2019AFM fournit un lien\u00a0vers la liste de l\u2019association Nashville Musicians Association (AFM Local 257)\u00a0<a href=\"http:\/\/www.nashvillemusicians.org\/?pg=do_not_work_for\">\u00ab\u00a0Do Not Work For\u00a0\u00bb (Employeurs \u00e0 proscrire)<\/a>.<\/p>\n<p>De plus, voici des liens vers <a href=\"http:\/\/www.nashvillemusicians.org\/do-not-work-list-0\">la liste \u00ab Do Not Work For \u00bb (Employeurs \u00e0 proscrire) de Nashville Local 257<\/a> et <a href=\"http:\/\/afm47.org\/donotworkfor.html\">la liste \u00ab Do Not Work For \u00bb (Employeurs \u00e0 proscrire) de Los Angeles 47<\/a>.<\/p>","protected":false},"excerpt":{"rendered":"<p>Pour faire de la liste noire internationale de l\u2019AFM un outil efficace qui soutiendra les musiciens dans le cadre des principaux litiges de main-d\u2019\u0153uvre, notre conseil international d\u2019administration a pass\u00e9 en revue les politiques et proc\u00e9dures de mise en place et de maintien des employeurs sur la liste noire internationale. La liste noire internationale de [&hellip;]<\/p>\n","protected":false},"author":1,"featured_media":0,"parent":181,"menu_order":0,"comment_status":"closed","ping_status":"closed","template":"","meta":{"_acf_changed":false,"footnotes":""},"class_list":["post-188","page","type-page","status-publish","hentry"],"acf":[],"_links":{"self":[{"href":"https:\/\/www.afm.org\/fr\/wp-json\/wp\/v2\/pages\/188","targetHints":{"allow":["GET"]}}],"collection":[{"href":"https:\/\/www.afm.org\/fr\/wp-json\/wp\/v2\/pages"}],"about":[{"href":"https:\/\/www.afm.org\/fr\/wp-json\/wp\/v2\/types\/page"}],"author":[{"embeddable":true,"href":"https:\/\/www.afm.org\/fr\/wp-json\/wp\/v2\/users\/1"}],"replies":[{"embeddable":true,"href":"https:\/\/www.afm.org\/fr\/wp-json\/wp\/v2\/comments?post=188"}],"version-history":[{"count":30,"href":"https:\/\/www.afm.org\/fr\/wp-json\/wp\/v2\/pages\/188\/revisions"}],"predecessor-version":[{"id":8350,"href":"https:\/\/www.afm.org\/fr\/wp-json\/wp\/v2\/pages\/188\/revisions\/8350"}],"up":[{"embeddable":true,"href":"https:\/\/www.afm.org\/fr\/wp-json\/wp\/v2\/pages\/181"}],"wp:attachment":[{"href":"https:\/\/www.afm.org\/fr\/wp-json\/wp\/v2\/media?parent=188"}],"curies":[{"name":"wp","href":"https:\/\/api.w.org\/{rel}","templated":true}]}}