{"id":185,"date":"2016-03-10T21:43:34","date_gmt":"2016-03-10T21:43:34","guid":{"rendered":"http:\/\/www.afm.org\/?page_id=185"},"modified":"2016-06-01T15:48:39","modified_gmt":"2016-06-01T15:48:39","slug":"renew-membership","status":"publish","type":"page","link":"https:\/\/www.afm.org\/fr\/for-members\/renew-membership\/","title":{"rendered":"Renouveler votre adh\u00e9sion"},"content":{"rendered":"<p><\/p>\n<header class=\"pageinfo\">\n<h1><\/h1>\n<\/header>\n<div class=\"text\">\n<h3><a href=\"http:\/\/members.afm.org\/payment\">Renouvelez votre adh\u00e9sion actuelle<\/a><\/h3>\n<h3><a href=\"https:\/\/members.afm.org\/join\/dnw\/1\/step1\/c\/en_US\/\">R\u00e9sidents am\u00e9ricains, adh\u00e9rez \u00e0 une section syndicale suppl\u00e9mentaire<\/a><\/h3>\n<h3><a href=\"https:\/\/members.afm.org\/join\/dnw\/1\/step1\/c\/fr_CA\/\">R\u00e9sidents canadiens, adh\u00e9rez \u00e0 une section syndicale suppl\u00e9mentaire<\/a><\/h3>\n<\/div>\n<p><\/p>","protected":false},"excerpt":{"rendered":"<p>Renouvelez votre adh\u00e9sion actuelle R\u00e9sidents am\u00e9ricains, adh\u00e9rez \u00e0 une section syndicale suppl\u00e9mentaire R\u00e9sidents canadiens, adh\u00e9rez \u00e0 une section syndicale suppl\u00e9mentaire<\/p>\n","protected":false},"author":1,"featured_media":0,"parent":181,"menu_order":0,"comment_status":"closed","ping_status":"closed","template":"","meta":{"_acf_changed":false,"footnotes":""},"class_list":["post-185","page","type-page","status-publish","hentry"],"acf":[],"_links":{"self":[{"href":"https:\/\/www.afm.org\/fr\/wp-json\/wp\/v2\/pages\/185","targetHints":{"allow":["GET"]}}],"collection":[{"href":"https:\/\/www.afm.org\/fr\/wp-json\/wp\/v2\/pages"}],"about":[{"href":"https:\/\/www.afm.org\/fr\/wp-json\/wp\/v2\/types\/page"}],"author":[{"embeddable":true,"href":"https:\/\/www.afm.org\/fr\/wp-json\/wp\/v2\/users\/1"}],"replies":[{"embeddable":true,"href":"https:\/\/www.afm.org\/fr\/wp-json\/wp\/v2\/comments?post=185"}],"version-history":[{"count":0,"href":"https:\/\/www.afm.org\/fr\/wp-json\/wp\/v2\/pages\/185\/revisions"}],"up":[{"embeddable":true,"href":"https:\/\/www.afm.org\/fr\/wp-json\/wp\/v2\/pages\/181"}],"wp:attachment":[{"href":"https:\/\/www.afm.org\/fr\/wp-json\/wp\/v2\/media?parent=185"}],"curies":[{"name":"wp","href":"https:\/\/api.w.org\/{rel}","templated":true}]}}