{"id":172,"date":"2016-03-10T21:22:50","date_gmt":"2016-03-10T21:22:50","guid":{"rendered":"http:\/\/www.afm.org\/?page_id=172"},"modified":"2025-06-02T14:54:23","modified_gmt":"2025-06-02T18:54:23","slug":"contact","status":"publish","type":"page","link":"https:\/\/www.afm.org\/fr\/about\/contact\/","title":{"rendered":"Contact"},"content":{"rendered":"<p><strong>Si\u00e8ge de New York<\/strong><br \/>\n1501 Broadway<br \/>\nSuite 600<br \/>\nNew York, NY 10036<\/p>\n<p><strong>Num\u00e9ros de t\u00e9l\u00e9phone g\u00e9n\u00e9raux<\/strong><br \/>\nRenseignements g\u00e9n\u00e9raux 212.869.1330<br \/>\nSans frais 800.762.3444<br \/>\nRenseignements pour les m\u00e9dias 917.229.0239<\/p>\n<p><strong>Num\u00e9ros de t\u00e9l\u00e9phone par service<\/strong><br \/>\nFinances 917.229.0245<br \/>\nCommunications 917.229.0239<br \/>\nM\u00e9dias \u00e9lectroniques 917.229.0239<br \/>\nPigistes 416.391.5161 POSTE 228<br \/>\nRessources humaines 917.229.0252<br \/>\nTechnologies de l\u2019information 917.229.0286<br \/>\nAdh\u00e9sion 917.229.0243<br \/>\nSyndicalisation et \u00e9ducation 917.229.0267<br \/>\nServices juridiques 917.229.-0290<br \/>\nServices l\u00e9gislatifs 202.274.4756<br \/>\nServices symphoniques 917.229.0211<br \/>\nTourn\u00e9es et th\u00e9\u00e2tres 917.229.0231<br \/>\nVisa 917.229.0214<\/p>\n<p><strong>Bureau canadien<\/strong><br \/>\n150 Ferrand Drive<br \/>\nSuite 202<br \/>\nToronto, Ontario, M3C 3E5<br \/>\n416.391.5161<\/p>\n<p><strong>Bureau l\u00e9gislatif<\/strong><br \/>\n5335 Wisconsin Ave.<br \/>\nSuite 440<br \/>\nWashington, DC 20015<br \/>\n202.274.4756<\/p>\n<p><strong>Bureau de la C\u00f4te Ouest<br \/>\n<\/strong>3220 Winona Avenue<br \/>\nBurbank, CA 91504<br \/>\n818-565-3400<\/p>\n<p><strong>Si\u00e8ge de New York<\/strong><br \/>\n1501 Broadway<br \/>\nSuite 600<br \/>\nNew York, NY 10036<\/p>\n<p><strong>Num\u00e9ros de t\u00e9l\u00e9phone g\u00e9n\u00e9raux<\/strong><br \/>\nRenseignements g\u00e9n\u00e9raux 212.869.1330<br \/>\nSans frais 800.762.3444<br \/>\nRenseignements pour les m\u00e9dias 917.229.0239<\/p>\n<p><strong>Num\u00e9ros de t\u00e9l\u00e9phone par service<\/strong><br \/>\nFinances 917.229.0245<br \/>\nCommunications 917.229.0239<br \/>\nM\u00e9dias \u00e9lectroniques 917.229.0239<br \/>\nPigistes 416.391.5161 POSTE 228<br \/>\nRessources humaines 917.229.0252<br \/>\nTechnologies de l\u2019information 917.229.0286<br \/>\nAdh\u00e9sion 917.229.0243<br \/>\nSyndicalisation et \u00e9ducation 917.229.0267<br \/>\nServices juridiques 917.229.-0290<br \/>\nServices l\u00e9gislatifs 202.274.4756<br \/>\nServices symphoniques 917.229.0211<br \/>\nTourn\u00e9es et th\u00e9\u00e2tres 917.229.0231<br \/>\nVisa 917.229.0214<\/p>\n<p><strong>Bureau canadien<\/strong><br \/>\n150 Ferrand Drive<br \/>\nSuite 202<br \/>\nToronto, Ontario, M3C 3E5<br \/>\n416.391.5161<\/p>\n<p><strong>Bureau l\u00e9gislatif<\/strong><br \/>\n5335 Wisconsin Ave.<br \/>\nSuite 440<br \/>\nWashington, DC 20015<br \/>\n202.274.4756<\/p>\n<p><strong>Bureau de la C\u00f4te Ouest<br \/>\n<\/strong>3220 Winona Avenue<br \/>\nBurbank, CA 91504<br \/>\n818-565-3400<\/p>\n<p>&nbsp;<\/p>","protected":false},"excerpt":{"rendered":"<p>Si\u00e8ge de New York 1501 Broadway Suite 600 New York, NY 10036 Num\u00e9ros de t\u00e9l\u00e9phone g\u00e9n\u00e9raux Renseignements g\u00e9n\u00e9raux 212.869.1330 Sans frais 800.762.3444 Renseignements pour les m\u00e9dias 917.229.0239 Num\u00e9ros de t\u00e9l\u00e9phone par service Finances 917.229.0245 Communications 917.229.0239 M\u00e9dias \u00e9lectroniques 917.229.0239 Pigistes 416.391.5161 POSTE 228 Ressources humaines 917.229.0252 Technologies de l\u2019information 917.229.0286 Adh\u00e9sion 917.229.0243 Syndicalisation et \u00e9ducation [&hellip;]<\/p>\n","protected":false},"author":1,"featured_media":0,"parent":160,"menu_order":0,"comment_status":"closed","ping_status":"closed","template":"","meta":{"_acf_changed":false,"footnotes":""},"class_list":["post-172","page","type-page","status-publish","hentry"],"acf":[],"_links":{"self":[{"href":"https:\/\/www.afm.org\/fr\/wp-json\/wp\/v2\/pages\/172","targetHints":{"allow":["GET"]}}],"collection":[{"href":"https:\/\/www.afm.org\/fr\/wp-json\/wp\/v2\/pages"}],"about":[{"href":"https:\/\/www.afm.org\/fr\/wp-json\/wp\/v2\/types\/page"}],"author":[{"embeddable":true,"href":"https:\/\/www.afm.org\/fr\/wp-json\/wp\/v2\/users\/1"}],"replies":[{"embeddable":true,"href":"https:\/\/www.afm.org\/fr\/wp-json\/wp\/v2\/comments?post=172"}],"version-history":[{"count":13,"href":"https:\/\/www.afm.org\/fr\/wp-json\/wp\/v2\/pages\/172\/revisions"}],"predecessor-version":[{"id":8062,"href":"https:\/\/www.afm.org\/fr\/wp-json\/wp\/v2\/pages\/172\/revisions\/8062"}],"up":[{"embeddable":true,"href":"https:\/\/www.afm.org\/fr\/wp-json\/wp\/v2\/pages\/160"}],"wp:attachment":[{"href":"https:\/\/www.afm.org\/fr\/wp-json\/wp\/v2\/media?parent=172"}],"curies":[{"name":"wp","href":"https:\/\/api.w.org\/{rel}","templated":true}]}}