{"id":166,"date":"2016-03-10T21:21:45","date_gmt":"2016-03-10T21:21:45","guid":{"rendered":"http:\/\/www.afm.org\/?page_id=166"},"modified":"2023-11-23T01:22:30","modified_gmt":"2023-11-23T01:22:30","slug":"mission-bylaws","status":"publish","type":"page","link":"https:\/\/www.afm.org\/fr\/mission-bylaws\/","title":{"rendered":"Mission et r\u00e8glements"},"content":{"rendered":"<p>Nous sommes la F\u00e9d\u00e9ration am\u00e9ricaine des musiciens des \u00c9tats-Unis et du Canada, compos\u00e9e de musiciens professionnels unis \u00e0 travers nos sections syndicales pour :<\/p>\n<ul>\n<li>Pouvoir vivre et travailler dans la dignit\u00e9;<\/li>\n<li>Que notre travail soit satisfaisant et correctement r\u00e9mun\u00e9r\u00e9;<\/li>\n<li>Disposer d\u2019une voix importante dans les d\u00e9cisions qui nous affectent tous;<\/li>\n<li>Avoir l\u2019opportunit\u00e9 de d\u00e9velopper nos talents et nos comp\u00e9tences;<\/li>\n<li>Que notre voix et notre puissance collective se r\u00e9alisent dans un syndicat d\u00e9mocratique et progressiste;<\/li>\n<li>Que nous puissions nous opposer aux forces de l\u2019exploitation gr\u00e2ce \u00e0 la solidarit\u00e9 de notre syndicat.<\/li>\n<\/ul>\n<p>Pour atteindre ces objectifs, nous devons nous engager envers les points suivants\u00a0:<\/p>\n<ul>\n<li>Nous traiter les uns les autres avec respect et dignit\u00e9, peu importent l\u2019ethnicit\u00e9, les croyances, le sexe, l\u2019\u00e2ge, ou le handicap, la citoyennet\u00e9, l\u2019orientation sexuelle, le statut matrimonial, le statut familial ou l\u2019origine nationale;<\/li>\n<li>Respecter les normes et satisfaire aux attentes collectivement d\u00e9cid\u00e9es pour nous-m\u00eames dans la poursuite de cette vision, soutenir et suivre les r\u00e8glements que nous avons accept\u00e9s pour nous-m\u00eames;<\/li>\n<li>Participer activement aux institutions d\u00e9mocratiques de notre syndicat.<\/li>\n<\/ul>\n<p>En faisant preuve d\u2019unit\u00e9 et de t\u00e9nacit\u00e9, nous devons nous engager dans une action directe qui d\u00e9montre notre puissance et notre d\u00e9termination envers les points suivants\u00a0:<\/p>\n<ul>\n<li>Syndiquer les musiciens non syndiqu\u00e9s, leur expliquer les avantages des syndicats tout en assurant le contr\u00f4le des secteurs de l\u2019industrie et des march\u00e9s de main-d&rsquo;\u0153uvre qui nous concernent;<\/li>\n<li>N\u00e9gocier des contrats et exercer notre pouvoir collectif dans le but d\u2019am\u00e9liorer les salaires et les conditions de travail, am\u00e9liorer l\u2019implication des musiciens quant \u00e0 la prise de d\u00e9cision dans leur milieu de travail, et b\u00e2tir un syndicat plus fort;<\/li>\n<li>D\u00e9velopper un pouvoir politique dans le but de s\u2019assurer que les droits des musiciens sont entendus \u00e0 tous les niveaux gouvernementaux pour cr\u00e9er une opportunit\u00e9 \u00e9conomique et favoriser une justice sociale;<\/li>\n<li>Offrir des perspectives significatives au niveau de l\u2019implication et de la participation des membres \u00e0 des syndicats d\u00e9mocratiques forts;<\/li>\n<li>Former des dirigeants motiv\u00e9s et hautement qualifi\u00e9s \u00e0 tous les niveaux du syndicat qui repr\u00e9sentent tous les membres dans toute leur diversit\u00e9;<\/li>\n<li>Cr\u00e9er des coalitions et agir de fa\u00e7on solidaire avec d\u2019autres organismes qui partagent nos pr\u00e9occupations de justice \u00e9conomique et sociale.<\/li>\n<\/ul>\n<p>Cliquez <a href=\"http:\/\/www.afm.org\/wp-content\/uploads\/2017\/02\/AFM-Bylaws-French.pdf\">ici<\/a> pour t\u00e9l\u00e9charger un fichier PDF des r\u00e8glements actuels de la F\u00e9d\u00e9ration des musiciens des \u00c9tats-Unis et du Canada. Derni\u00e8re r\u00e9vision le 15 septembre 2016.<\/p>","protected":false},"excerpt":{"rendered":"<p>Nous sommes la F\u00e9d\u00e9ration des musiciens des \u00c9tats-Unis et du Canada, compos\u00e9e de musiciens professionnels unis \u00e0 travers nos sections syndicales<\/p>\n","protected":false},"author":1,"featured_media":0,"parent":0,"menu_order":0,"comment_status":"closed","ping_status":"closed","template":"","meta":{"_acf_changed":false,"footnotes":""},"class_list":["post-166","page","type-page","status-publish","hentry"],"acf":[],"_links":{"self":[{"href":"https:\/\/www.afm.org\/fr\/wp-json\/wp\/v2\/pages\/166","targetHints":{"allow":["GET"]}}],"collection":[{"href":"https:\/\/www.afm.org\/fr\/wp-json\/wp\/v2\/pages"}],"about":[{"href":"https:\/\/www.afm.org\/fr\/wp-json\/wp\/v2\/types\/page"}],"author":[{"embeddable":true,"href":"https:\/\/www.afm.org\/fr\/wp-json\/wp\/v2\/users\/1"}],"replies":[{"embeddable":true,"href":"https:\/\/www.afm.org\/fr\/wp-json\/wp\/v2\/comments?post=166"}],"version-history":[{"count":2,"href":"https:\/\/www.afm.org\/fr\/wp-json\/wp\/v2\/pages\/166\/revisions"}],"predecessor-version":[{"id":7118,"href":"https:\/\/www.afm.org\/fr\/wp-json\/wp\/v2\/pages\/166\/revisions\/7118"}],"wp:attachment":[{"href":"https:\/\/www.afm.org\/fr\/wp-json\/wp\/v2\/media?parent=166"}],"curies":[{"name":"wp","href":"https:\/\/api.w.org\/{rel}","templated":true}]}}