{"id":162,"date":"2016-03-10T21:21:05","date_gmt":"2016-03-10T21:21:05","guid":{"rendered":"http:\/\/www.afm.org\/?page_id=162"},"modified":"2025-04-09T14:50:35","modified_gmt":"2025-04-09T18:50:35","slug":"about-afm","status":"publish","type":"page","link":"https:\/\/www.afm.org\/fr\/about\/about-afm\/","title":{"rendered":"\u00c0 propos de l\u2019AFM"},"content":{"rendered":"<p>80\u00a0000 musiciens forment l\u2019American Federation of Musicians of the United States and Canada (AFM, F\u00e9d\u00e9ration am\u00e9ricaine des musiciens des \u00c9tats-Unis et du Canada). Nous jouons dans des orchestres, des groupes d\u2019accompagnements, des festivals, des clubs et des th\u00e9\u00e2tres, \u00e0 la fois \u00e0 Broadway et en tourn\u00e9e. Les membres de l\u2019AFM composent \u00e9galement de la musique pour les films, la t\u00e9l\u00e9vision, les publicit\u00e9s et les enregistrements sonores. En tant que syndicat de musiciens le plus important au monde, nous avons le pouvoir de faire en sorte que l\u2019industrie de la musique soit dans le camp des musiciens.<\/p>","protected":false},"excerpt":{"rendered":"<p>80\u00a0000 musiciens forment l\u2019American Federation of Musicians of the United States and Canada (AFM, F\u00e9d\u00e9ration am\u00e9ricaine des musiciens des \u00c9tats-Unis et du Canada). Nous jouons dans des orchestres, des groupes d\u2019accompagnements, des festivals, des clubs et des th\u00e9\u00e2tres, \u00e0 la fois \u00e0 Broadway et en tourn\u00e9e. Les membres de l\u2019AFM composent \u00e9galement de la musique [&hellip;]<\/p>\n","protected":false},"author":1,"featured_media":0,"parent":160,"menu_order":0,"comment_status":"closed","ping_status":"closed","template":"","meta":{"_acf_changed":false,"footnotes":""},"class_list":["post-162","page","type-page","status-publish","hentry"],"acf":[],"_links":{"self":[{"href":"https:\/\/www.afm.org\/fr\/wp-json\/wp\/v2\/pages\/162","targetHints":{"allow":["GET"]}}],"collection":[{"href":"https:\/\/www.afm.org\/fr\/wp-json\/wp\/v2\/pages"}],"about":[{"href":"https:\/\/www.afm.org\/fr\/wp-json\/wp\/v2\/types\/page"}],"author":[{"embeddable":true,"href":"https:\/\/www.afm.org\/fr\/wp-json\/wp\/v2\/users\/1"}],"replies":[{"embeddable":true,"href":"https:\/\/www.afm.org\/fr\/wp-json\/wp\/v2\/comments?post=162"}],"version-history":[{"count":4,"href":"https:\/\/www.afm.org\/fr\/wp-json\/wp\/v2\/pages\/162\/revisions"}],"predecessor-version":[{"id":7982,"href":"https:\/\/www.afm.org\/fr\/wp-json\/wp\/v2\/pages\/162\/revisions\/7982"}],"up":[{"embeddable":true,"href":"https:\/\/www.afm.org\/fr\/wp-json\/wp\/v2\/pages\/160"}],"wp:attachment":[{"href":"https:\/\/www.afm.org\/fr\/wp-json\/wp\/v2\/media?parent=162"}],"curies":[{"name":"wp","href":"https:\/\/api.w.org\/{rel}","templated":true}]}}