{"id":158,"date":"2016-03-10T21:20:46","date_gmt":"2016-03-10T21:20:46","guid":{"rendered":"http:\/\/www.afm.org\/?page_id=158"},"modified":"2020-08-06T18:58:43","modified_gmt":"2020-08-06T18:58:43","slug":"current-members","status":"publish","type":"page","link":"https:\/\/www.afm.org\/fr\/join\/current-members\/","title":{"rendered":"Membres actuels"},"content":{"rendered":"<p><\/p>\n<h3><a href=\"http:\/\/members.afm.org\/payment\">Renouvelez votre adh\u00e9sion actuelle<\/a><\/h3>\n<h3><a href=\"https:\/\/members.afm.org\/join\/dnw\/1\/step1\/c\/en_US\/\">R\u00e9sidents am\u00e9ricains, adh\u00e9rez \u00e0 une section syndicale suppl\u00e9mentaire<\/a><\/h3>\n<h3><a href=\"https:\/\/members.afm.org\/join\/dnw\/1\/step1\/c\/fr_CA\/\">R\u00e9sidents canadiens, adh\u00e9rez \u00e0 une section syndicale suppl\u00e9mentaire<\/a><\/h3>\n<h3><\/h3>\n<p><\/p>","protected":false},"excerpt":{"rendered":"<p>Renouvelez votre adh\u00e9sion actuelle R\u00e9sidents am\u00e9ricains, adh\u00e9rez \u00e0 une section syndicale suppl\u00e9mentaire R\u00e9sidents canadiens, adh\u00e9rez \u00e0 une section syndicale suppl\u00e9mentaire<\/p>\n","protected":false},"author":1,"featured_media":0,"parent":154,"menu_order":0,"comment_status":"closed","ping_status":"closed","template":"","meta":{"_acf_changed":false,"footnotes":""},"class_list":["post-158","page","type-page","status-publish","hentry"],"acf":[],"_links":{"self":[{"href":"https:\/\/www.afm.org\/fr\/wp-json\/wp\/v2\/pages\/158","targetHints":{"allow":["GET"]}}],"collection":[{"href":"https:\/\/www.afm.org\/fr\/wp-json\/wp\/v2\/pages"}],"about":[{"href":"https:\/\/www.afm.org\/fr\/wp-json\/wp\/v2\/types\/page"}],"author":[{"embeddable":true,"href":"https:\/\/www.afm.org\/fr\/wp-json\/wp\/v2\/users\/1"}],"replies":[{"embeddable":true,"href":"https:\/\/www.afm.org\/fr\/wp-json\/wp\/v2\/comments?post=158"}],"version-history":[{"count":1,"href":"https:\/\/www.afm.org\/fr\/wp-json\/wp\/v2\/pages\/158\/revisions"}],"predecessor-version":[{"id":5402,"href":"https:\/\/www.afm.org\/fr\/wp-json\/wp\/v2\/pages\/158\/revisions\/5402"}],"up":[{"embeddable":true,"href":"https:\/\/www.afm.org\/fr\/wp-json\/wp\/v2\/pages\/154"}],"wp:attachment":[{"href":"https:\/\/www.afm.org\/fr\/wp-json\/wp\/v2\/media?parent=158"}],"curies":[{"name":"wp","href":"https:\/\/api.w.org\/{rel}","templated":true}]}}