{"id":156,"date":"2016-03-10T21:20:33","date_gmt":"2016-03-10T21:20:33","guid":{"rendered":"http:\/\/www.afm.org\/?page_id=156"},"modified":"2025-03-24T15:41:46","modified_gmt":"2025-03-24T19:41:46","slug":"become-a-member","status":"publish","type":"page","link":"https:\/\/www.afm.org\/fr\/join\/become-a-member\/","title":{"rendered":"Nouveaux membres"},"content":{"rendered":"<p>80\u00a0000 musiciens forment l\u2019American Federation of Musicians of the United States and Canada (AFM, F\u00e9d\u00e9ration am\u00e9ricaine des musiciens des \u00c9tats-Unis et du Canada). Nous jouons dans des orchestres, des groupes d\u2019accompagnements, des festivals, des clubs et des th\u00e9\u00e2tres, \u00e0 la fois \u00e0 Broadway et en tourn\u00e9e. Les membres de l\u2019AFM composent \u00e9galement de la musique pour les films, la t\u00e9l\u00e9vision, les publicit\u00e9s et les enregistrements sonores. En tant que syndicat de musiciens le plus important au monde, nous avons le pouvoir de faire en sorte que l\u2019industrie de la musique soit dans le camp des musiciens.<\/p>\n<h3>R\u00e9sidents am\u00e9ricains, <a href=\"https:\/\/members.afm.org\/join\/dnw\/1\/step1\/c\/en_US\/\">adh\u00e9rez d\u00e8s maintenant<\/a><\/h3>\n<h3>R\u00e9sidents canadiens, <a href=\"https:\/\/members.afm.org\/join\/dnw\/1\/step1\/c\/fr_CA\/\">adh\u00e9rez d\u00e8s maintenant\u00a0<\/a><\/h3>\n<h3>Pourquoi adh\u00e9rer?<\/h3>\n<p>La possibilit\u00e9 pour les musiciens de gagner leur vie n\u2019a jamais \u00e9t\u00e9 aussi menac\u00e9e. Les immenses profits des entreprises continuent \u00e0 augmenter tandis que les avanc\u00e9es technologiques transforment autant notre travail que la fa\u00e7on dont nous sommes r\u00e9mun\u00e9r\u00e9s. Mais en vous joignant \u00e0 80\u00a0000 musiciens, vous n\u2019\u00eates plus seuls.<\/p>\n<p>Nous avons rassembl\u00e9 nos forces afin de n\u00e9gocier de bons contrats, de bons salaires, des conditions de travail, des soins de sant\u00e9 et un r\u00e9gime de retraite d\u00e9cents. Ensemble, nous sommes plus puissants que seuls chacun de notre c\u00f4t\u00e9.<\/p>\n<h3>R\u00e9sidents am\u00e9ricains, <a href=\"https:\/\/members.afm.org\/join\/dnw\/1\/step1\/c\/en_US\/\">adh\u00e9rez d\u00e8s maintenant<\/a><\/h3>\n<h3>R\u00e9sidents canadiens, <a href=\"https:\/\/members.afm.org\/join\/dnw\/1\/step1\/c\/fr_CA\/\">adh\u00e9rez d\u00e8s maintenant\u00a0<\/a><\/h3>\n<h3>Cotisation<\/h3>\n<p><a href=\"http:\/\/www.afm.org\/for-members\/find-my-local\/\">Trouvez votre section syndicale locale <\/a>ici pour conna\u00eetre votre cotisation<\/p>\n<h3>Renouvelez votre adh\u00e9sion <a href=\"http:\/\/afm.org\/payment\">ici<\/a><\/h3>\n<h3>Informations suppl\u00e9mentaires<\/h3>\n<p>Par courriel <a href=\"mailto:membership@afm.org\">membership@afm.org<\/a> ou en composant le (800) 762-3444 x 243.<\/p>","protected":false},"excerpt":{"rendered":"<p>80\u00a0000 musiciens forment l\u2019American Federation of Musicians of the United States and Canada (AFM, F\u00e9d\u00e9ration am\u00e9ricaine des musiciens des \u00c9tats-Unis et du Canada). Nous jouons dans des orchestres, des groupes d\u2019accompagnements, des festivals, des clubs et des th\u00e9\u00e2tres, \u00e0 la fois \u00e0 Broadway et en tourn\u00e9e. Les membres de l\u2019AFM composent \u00e9galement de la musique [&hellip;]<\/p>\n","protected":false},"author":1,"featured_media":0,"parent":154,"menu_order":0,"comment_status":"closed","ping_status":"closed","template":"","meta":{"_acf_changed":false,"footnotes":""},"class_list":["post-156","page","type-page","status-publish","hentry"],"acf":[],"_links":{"self":[{"href":"https:\/\/www.afm.org\/fr\/wp-json\/wp\/v2\/pages\/156","targetHints":{"allow":["GET"]}}],"collection":[{"href":"https:\/\/www.afm.org\/fr\/wp-json\/wp\/v2\/pages"}],"about":[{"href":"https:\/\/www.afm.org\/fr\/wp-json\/wp\/v2\/types\/page"}],"author":[{"embeddable":true,"href":"https:\/\/www.afm.org\/fr\/wp-json\/wp\/v2\/users\/1"}],"replies":[{"embeddable":true,"href":"https:\/\/www.afm.org\/fr\/wp-json\/wp\/v2\/comments?post=156"}],"version-history":[{"count":9,"href":"https:\/\/www.afm.org\/fr\/wp-json\/wp\/v2\/pages\/156\/revisions"}],"predecessor-version":[{"id":7977,"href":"https:\/\/www.afm.org\/fr\/wp-json\/wp\/v2\/pages\/156\/revisions\/7977"}],"up":[{"embeddable":true,"href":"https:\/\/www.afm.org\/fr\/wp-json\/wp\/v2\/pages\/154"}],"wp:attachment":[{"href":"https:\/\/www.afm.org\/fr\/wp-json\/wp\/v2\/media?parent=156"}],"curies":[{"name":"wp","href":"https:\/\/api.w.org\/{rel}","templated":true}]}}