{"id":14,"date":"2016-02-17T17:05:15","date_gmt":"2016-02-17T17:05:15","guid":{"rendered":"http:\/\/www.afm.org\/?page_id=14"},"modified":"2025-04-09T14:54:01","modified_gmt":"2025-04-09T18:54:01","slug":"history","status":"publish","type":"page","link":"https:\/\/www.afm.org\/fr\/about\/history\/","title":{"rendered":"Histoire"},"content":{"rendered":"<p>Notre histoire d\u00e9bute en 1896, lorsque des musiciens se rassembl\u00e8rent \u00e0 Indianapolis pour former l\u2019AFM (American Federation of Musicians ou F\u00e9d\u00e9ration am\u00e9ricaine des musiciens), association destin\u00e9e \u00e0 \u00ab\u00a0tout musicien qui per\u00e7oit un salaire pour ses services musicaux\u00a0\u00bb. Repr\u00e9sentant 3\u00a0000 membres, l\u2019AFM se vit accorder une charte par l\u2019AFL (American Federation of Labor, ou F\u00e9d\u00e9ration am\u00e9ricaine du travail).<\/p>\n<p>D\u00e8s le d\u00e9but du XXe\u00a0si\u00e8cle, l\u00e0 o\u00f9 il y avait de la musique, il y avait des musiciens\u00a0: les cin\u00e9mas, restaurants, bo\u00eetes de nuit, salles de bal des h\u00f4tels, parcs d\u2019amusement, carnavals, symphonies, op\u00e9ras, ballets et de plus en plus dans les cin\u00e9mas o\u00f9 se jouaient des films muets.<\/p>\n<p>C\u2019est en 1927 que sortit le tout premier film parlant et, en deux ans \u00e0 peine, 20\u00a0000 musiciens perdirent leur emploi d\u2019accompagnement musical des films muets. Ce n\u2019\u00e9tait ni la premi\u00e8re ni la derni\u00e8re fois que les avanc\u00e9es technologiques transformeraient le travail des musiciens.<\/p>\n<p>Cependant, les musiciens demeur\u00e8rent solidaires et mirent sur pied des \u00e9chelles salariales minimales se rapportant au travail avec le Vitaphone, le Movietone et l\u2019enregistrement de disques. En 1938, les soci\u00e9t\u00e9s cin\u00e9matographiques sign\u00e8rent leur premier contrat avec l\u2019AFM. La syndicalisation des musiciens se poursuivit pour englober les orchestres, la radio et la production de musique de film. Toutefois, \u00e0 mesure que les enregistrements remplac\u00e8rent les orchestres radiophoniques et que les juke-boxes entr\u00e8rent en comp\u00e9tition avec les groupes musicaux dans les bo\u00eetes de nuit, les musiciens commenc\u00e8rent \u00e0 perdre des revenus. En 1942, les membres de l\u2019AFM lanc\u00e8rent l\u2019une de leurs plus importantes campagnes\u00a0: l\u2019interdiction d\u2019enregistrement.<\/p>\n<p>Une gr\u00e8ve des musiciens fut entam\u00e9e en 1942 et paralysa l\u2019industrie am\u00e9ricaine de l\u2019enregistrement pendant deux ans jusqu\u2019\u00e0 ce que les musiciens aient gain de cause. En faisant bloc, ils avaient forc\u00e9 l\u2019industrie de l\u2019enregistrement \u00e0 \u00e9tablir des redevances sur la vente des enregistrements et \u00e0 embaucher des musiciens pour les prestations en direct. C\u2019est ainsi que le <a href=\"http:\/\/www.musicpf.org\/home.php\">MPTF (Music Performance Trust Fund)<\/a>\u00a0fut cr\u00e9\u00e9; il continue aujourd&rsquo;hui \u00e0 commanditer les prestations gratuites en direct d\u2019un bout \u00e0 l\u2019autre des \u00c9tats-Unis et du Canada.<\/p>\n<p>De nombreuses actions syndicales men\u00e9es dans les d\u00e9cennies suivantes ont permis d\u2019am\u00e9liorer les normes de l\u2019industrie et les conditions de travail des musiciens. De nouveaux accords ont vis\u00e9 les \u00e9missions de t\u00e9l\u00e9vision, la t\u00e9l\u00e9vision par c\u00e2ble, les films ind\u00e9pendants et les jeux vid\u00e9o. Des r\u00e9gimes de retraite furent mis sur pied. Les musiciens ont \u00e9galement obtenu des contrats r\u00e9volutionnaires qui leur permettaient de percevoir des redevances sur les transmissions num\u00e9riques et les enregistrements de prestations en direct.<\/p>\n<p>\u00ab\u00a0Le seul objectif de l\u2019AFM est de mettre de l\u2019ordre dans le chaos, d\u2019harmoniser et de rassembler tous les musiciens professionnels du pays pour ne former qu\u2019un seul organisme progressif\u00a0\u00bb d\u00e9clarait en 1896 le tout premier pr\u00e9sident de l\u2019AFM, Owen Miller. Quelque 120\u00a0ann\u00e9es plus tard, les musiciens de l\u2019AFM continuent de s\u2019unir pour user de leur influence. Notre force regroupe aujourd\u2019hui 80\u00a0000 musiciens qui jouent dans les orchestres, les groupes d\u2019accompagnement, les festivals, les clubs et les th\u00e9\u00e2tres &#8211; \u00e0 la fois \u00e0 Broadway et en tourn\u00e9e. Nous composons \u00e9galement de la musique pour les films, la t\u00e9l\u00e9vision, les publicit\u00e9s et les enregistrements sonores.<\/p>","protected":false},"excerpt":{"rendered":"<p>Notre histoire d\u00e9bute en 1896, lorsque des musiciens se rassembl\u00e8rent \u00e0 Indianapolis pour former l\u2019AFM (American Federation of Musicians, ou F\u00e9d\u00e9ration am\u00e9ricaine des musiciens), association destin\u00e9e \u00e0 \u00ab\u00a0tout musicien qui per\u00e7oit un salaire pour ses services musicaux\u00a0\u00bb.  Repr\u00e9sentant 3\u00a0000 membres, l\u2019AFM se vit accorder une charte par l\u2019AFL (American Federation of Labor, ou F\u00e9d\u00e9ration am\u00e9ricaine du travail). Notre force regroupe aujourd\u2019hui 80\u00a0000 musiciens.<\/p>\n","protected":false},"author":1,"featured_media":5889,"parent":160,"menu_order":0,"comment_status":"closed","ping_status":"closed","template":"","meta":{"_acf_changed":false,"footnotes":""},"class_list":["post-14","page","type-page","status-publish","has-post-thumbnail","hentry"],"acf":[],"_links":{"self":[{"href":"https:\/\/www.afm.org\/fr\/wp-json\/wp\/v2\/pages\/14","targetHints":{"allow":["GET"]}}],"collection":[{"href":"https:\/\/www.afm.org\/fr\/wp-json\/wp\/v2\/pages"}],"about":[{"href":"https:\/\/www.afm.org\/fr\/wp-json\/wp\/v2\/types\/page"}],"author":[{"embeddable":true,"href":"https:\/\/www.afm.org\/fr\/wp-json\/wp\/v2\/users\/1"}],"replies":[{"embeddable":true,"href":"https:\/\/www.afm.org\/fr\/wp-json\/wp\/v2\/comments?post=14"}],"version-history":[{"count":4,"href":"https:\/\/www.afm.org\/fr\/wp-json\/wp\/v2\/pages\/14\/revisions"}],"predecessor-version":[{"id":7983,"href":"https:\/\/www.afm.org\/fr\/wp-json\/wp\/v2\/pages\/14\/revisions\/7983"}],"up":[{"embeddable":true,"href":"https:\/\/www.afm.org\/fr\/wp-json\/wp\/v2\/pages\/160"}],"wp:featuredmedia":[{"embeddable":true,"href":"https:\/\/www.afm.org\/fr\/wp-json\/wp\/v2\/media\/5889"}],"wp:attachment":[{"href":"https:\/\/www.afm.org\/fr\/wp-json\/wp\/v2\/media?parent=14"}],"curies":[{"name":"wp","href":"https:\/\/api.w.org\/{rel}","templated":true}]}}