{"id":133,"date":"2016-02-22T21:24:41","date_gmt":"2016-02-22T21:24:41","guid":{"rendered":"http:\/\/www.afm.org\/?page_id=133"},"modified":"2025-10-17T10:36:59","modified_gmt":"2025-10-17T14:36:59","slug":"fair-trade-music","status":"publish","type":"page","link":"https:\/\/www.afm.org\/fr\/what-we-are-doing\/current-campaigns\/fair-trade-music\/","title":{"rendered":"Fair Trade Music"},"content":{"rendered":"<p>Fair Trade Music est une campagne populaire visant \u00e0 am\u00e9liorer les normes qui s\u2019appliquent aux musiciens pigistes gr\u00e2ce \u00e0 la syndicalisation, l\u2019action collective et l\u2019\u00e9ducation. Ville apr\u00e8s ville, nous d\u00e9veloppons un syndicat de musiciens, de chefs de file de la communaut\u00e9 et d\u2019amateurs pour d\u00e9fendre les principes de Fair Trade Music, incluant notre droit \u00e0\u00a0:<\/p>\n<ul>\n<li>N\u00e9gocier des contrats \u00e9quitables<\/li>\n<li>Cr\u00e9er des relations professionnelles \u00e9quitables<\/li>\n<li>\u00c9tablir des normes contractuelles ex\u00e9cutoires<\/li>\n<\/ul>\n<h3><a href=\"http:\/\/www.afm.org\/organize\/contact-us\/\">En apprendre davantage sur le d\u00e9marrage d\u2019une campagne Fair Trade Music dans votre communaut\u00e9<\/a><\/h3>\n<p>Il arrive trop souvent qu\u2019un trop grand nombre d\u2019entre nous doive \u00ab\u00a0jouer pour jouer\u00a0\u00bb ou jouer pour \u00ab\u00a0z\u00e9ro moins les d\u00e9penses\u00a0\u00bb dans des lieux qui ne paient rien et o\u00f9 les musiciens doivent assumer tous les frais. Le salaire d\u00e9pend trop souvent des \u00ab\u00a0entr\u00e9es\u00a0\u00bb ou des revenus du bar, mais de nombreux clubs ne fournissent aucune documentation sur les revenus ou les d\u00e9penses. Sans aucun contrat ex\u00e9cutoire, ni transparence, ni imputabilit\u00e9, les musiciens perdent toujours. Gr\u00e2ce \u00e0 Fair Trade Music, nous nous regroupons et nous gagnons.<\/p>\n<h3><a href=\"http:\/\/www.afm.org\/organize\/contact-us\/\">En apprendre davantage sur le d\u00e9marrage d\u2019une campagne Fair Trade Music dans votre communaut\u00e9<\/a><\/h3>\n<p>La campagne Fair Trade Music de Seattle est un exemple de ce qui se produit lorsque les musiciens se rassemblent pour am\u00e9liorer le niveau de vie de tous les musiciens de leur communaut\u00e9. L\u2019ann\u00e9e derni\u00e8re, plus de 25 clubs de la r\u00e9gion de Seattle ont sign\u00e9 l&rsquo;engagement de se conformer aux principes de Fair Trade Music. Des zones de livraison pour les musiciens ont \u00e9t\u00e9 mises en place dans ce secteur. La ville de Seattle a m\u00eame proclam\u00e9 la date du 20 mai Journ\u00e9e Fair Trade Music en soutien \u00e0 un salaire d\u00e9cent pour les musiciens. <a href=\"http:\/\/www.afm.org\/wp-content\/uploads\/2016\/02\/FTM-Report.pdf\">Vous pouvez lire ici le r\u00e9cent rapport examinant l\u2019impact de l\u2019industrie de la musique sur l\u2019\u00e9conomie de Seattle.<\/a><\/p>\n<h3><a href=\"http:\/\/www.afm.org\/organize\/contact-us\/\">En apprendre davantage sur le d\u00e9marrage d\u2019une campagne Fair Trade Music dans votre communaut\u00e9<\/a><\/h3>\n<p>&nbsp;<\/p>","protected":false},"excerpt":{"rendered":"<p>Fair Trade Music est une campagne populaire visant \u00e0 am\u00e9liorer les normes qui s\u2019appliquent aux musiciens pigistes gr\u00e2ce \u00e0 la syndicalisation, l\u2019action collective et l\u2019\u00e9ducation. Ville apr\u00e8s ville, nous d\u00e9veloppons un syndicat de musiciens, de chefs de file de la communaut\u00e9 et d\u2019amateurs pour d\u00e9fendre les principes de Fair Trade Music.<\/p>\n","protected":false},"author":1,"featured_media":5354,"parent":177,"menu_order":0,"comment_status":"closed","ping_status":"closed","template":"","meta":{"_acf_changed":false,"footnotes":""},"class_list":["post-133","page","type-page","status-publish","has-post-thumbnail","hentry"],"acf":[],"_links":{"self":[{"href":"https:\/\/www.afm.org\/fr\/wp-json\/wp\/v2\/pages\/133","targetHints":{"allow":["GET"]}}],"collection":[{"href":"https:\/\/www.afm.org\/fr\/wp-json\/wp\/v2\/pages"}],"about":[{"href":"https:\/\/www.afm.org\/fr\/wp-json\/wp\/v2\/types\/page"}],"author":[{"embeddable":true,"href":"https:\/\/www.afm.org\/fr\/wp-json\/wp\/v2\/users\/1"}],"replies":[{"embeddable":true,"href":"https:\/\/www.afm.org\/fr\/wp-json\/wp\/v2\/comments?post=133"}],"version-history":[{"count":3,"href":"https:\/\/www.afm.org\/fr\/wp-json\/wp\/v2\/pages\/133\/revisions"}],"predecessor-version":[{"id":8177,"href":"https:\/\/www.afm.org\/fr\/wp-json\/wp\/v2\/pages\/133\/revisions\/8177"}],"up":[{"embeddable":true,"href":"https:\/\/www.afm.org\/fr\/wp-json\/wp\/v2\/pages\/177"}],"wp:featuredmedia":[{"embeddable":true,"href":"https:\/\/www.afm.org\/fr\/wp-json\/wp\/v2\/media\/5354"}],"wp:attachment":[{"href":"https:\/\/www.afm.org\/fr\/wp-json\/wp\/v2\/media?parent=133"}],"curies":[{"name":"wp","href":"https:\/\/api.w.org\/{rel}","templated":true}]}}